{"id":140,"date":"2014-11-04T00:55:13","date_gmt":"2014-11-03T22:55:13","guid":{"rendered":"http:\/\/www.quintet-west.com\/?page_id=140"},"modified":"2015-04-28T22:03:40","modified_gmt":"2015-04-28T20:03:40","slug":"christoph-freier","status":"publish","type":"page","link":"https:\/\/www.quintet-west.com\/?page_id=140","title":{"rendered":"Christoph Freier"},"content":{"rendered":"<p><strong><em>Schlagzeug<\/em><\/strong><\/p>\n<p><img loading=\"lazy\" decoding=\"async\" src=\"https:\/\/www.quintet-west.com\/wp-content\/uploads\/chrisfreier.jpg\" alt=\"chrisfreier\" width=\"640\" height=\"480\" class=\"alignnone size-medium wp-image-207 ml-lightbox-enabled\" \/><\/p>\n<p>geb. am 04.12.1973<\/p>\n<p>Musikalischer Werdegang:<br \/>\nMusikalische Fr\u00fcherziehung und meinen ersten Schlagzeugunterricht erhielt ich an der Musikschule H\u00fcrth bei Frank Z\u00e4bitsch, Egmond Kraus (Rundfunkorchester WDR) und Harald Klugt.<br \/>\nWeiter ging es nach K\u00f6ln an die Rheinische Musikschule K\u00f6ln wo ich von Sperrie Karas (Dozent an der Folkwanghochschule Essen, WDR Big Band) im Fach Jazz, Rock, Pop &#8230; Schlagzeug unterrichtet und auf die Musikhochschule vorbereitet wurde.<br \/>\nWeiteren Unterricht erhielt ich bei Kai Sch\u00f6nburg, Christoph Hillmann, Drori Mondlak, Prof. Christoph Caskel. Klavierunterricht bei Detlef Str\u00fcwe und Jarry Singla.<br \/>\nStudium an der Folkwanghochschule Essen, Fach Jazz Schlagzeug, mit Abschluss-Diplom. Meine Lehrer: Thomas Alkier und Sperie Karas.<br \/>\nEuropatournee mit Musical Jesus Christ Superstar, Deutschlandtournee mit Dance of the World, Braziltour Greencard und Chor.<br \/>\nMusicals\/Shows: Chicago in D\u00fcsseldorf, Saturday Night Fever in K\u00f6ln, Fame, Witzigmann\/ D\u00fcsseldorf \/ K\u00f6ln , Appollo Theater D\u00fcsseldorf, Schauspielhaus D\u00fcsseldorf und Schauspielhaus K\u00f6ln &#8230;<br \/>\nBands und Musikern mit denen ich spiele und gespielt habe:<br \/>\nSven Bergmann Trio, Greencard, De Junge, Orchester Helmut Bl\u00f6dgen, Orchester Markus Quodt, Big Band der Rheinischen Musikschule, Type of Sight, Susanne Schneider Quartett, Sonja M &#038; Band, Rene Kr\u00f6mer, Martin Gjakonovski, Velvet Tanzorchester, HCC Big Band , Dave Liebmann, Kenny Wheeler, Sven Welter, George Tjong Ayong, Elke Reiff, Adi Becker, Detlef Str\u00fcwe, Stefan Mischalke, Sabine K\u00fchlich, Andre Spang, Klaus Osterloh, Hugo Read, Stefan Becker , Volker Engelberth, Fritz Roppel Helmuth Fass, Max Rot Group, Marc Joggerst, Rolf Sander u. v. m.<br \/>\nRegelm\u00e4\u00dfige Produktionen beim WDR und ARD\/ZDF<br \/>\nCDS: Sven Bergmann Trio, Sonja M &#038; Band Rheinische Musikschule Big Band<\/p>\n","protected":false},"excerpt":{"rendered":"<p>Schlagzeug geb. am 04.12.1973 Musikalischer Werdegang: Musikalische Fr\u00fcherziehung und meinen ersten Schlagzeugunterricht erhielt ich an der Musikschule H\u00fcrth bei Frank Z\u00e4bitsch, Egmond Kraus (Rundfunkorchester WDR) und Harald Klugt. Weiter ging es nach K\u00f6ln an die Rheinische Musikschule K\u00f6ln wo ich von Sperrie Karas (Dozent an der Folkwanghochschule Essen, WDR Big Band) im Fach Jazz, Rock, &hellip; <\/p>\n<p class=\"link-more\"><a href=\"https:\/\/www.quintet-west.com\/?page_id=140\" class=\"more-link\"><span class=\"screen-reader-text\">\u201eChristoph Freier\u201c <\/span>weiterlesen<\/a><\/p>\n","protected":false},"author":1,"featured_media":0,"parent":85,"menu_order":5,"comment_status":"closed","ping_status":"closed","template":"templates\/template-full.php","meta":{"footnotes":""},"class_list":["post-140","page","type-page","status-publish","hentry"],"_links":{"self":[{"href":"https:\/\/www.quintet-west.com\/index.php?rest_route=\/wp\/v2\/pages\/140","targetHints":{"allow":["GET"]}}],"collection":[{"href":"https:\/\/www.quintet-west.com\/index.php?rest_route=\/wp\/v2\/pages"}],"about":[{"href":"https:\/\/www.quintet-west.com\/index.php?rest_route=\/wp\/v2\/types\/page"}],"author":[{"embeddable":true,"href":"https:\/\/www.quintet-west.com\/index.php?rest_route=\/wp\/v2\/users\/1"}],"replies":[{"embeddable":true,"href":"https:\/\/www.quintet-west.com\/index.php?rest_route=%2Fwp%2Fv2%2Fcomments&post=140"}],"version-history":[{"count":11,"href":"https:\/\/www.quintet-west.com\/index.php?rest_route=\/wp\/v2\/pages\/140\/revisions"}],"predecessor-version":[{"id":237,"href":"https:\/\/www.quintet-west.com\/index.php?rest_route=\/wp\/v2\/pages\/140\/revisions\/237"}],"up":[{"embeddable":true,"href":"https:\/\/www.quintet-west.com\/index.php?rest_route=\/wp\/v2\/pages\/85"}],"wp:attachment":[{"href":"https:\/\/www.quintet-west.com\/index.php?rest_route=%2Fwp%2Fv2%2Fmedia&parent=140"}],"curies":[{"name":"wp","href":"https:\/\/api.w.org\/{rel}","templated":true}]}}