{"id":14,"date":"2014-10-30T15:30:45","date_gmt":"2014-10-30T13:30:45","guid":{"rendered":"http:\/\/www.quintet-west.com\/?page_id=14"},"modified":"2018-09-23T12:37:21","modified_gmt":"2018-09-23T10:37:21","slug":"14-2","status":"publish","type":"page","link":"https:\/\/www.quintet-west.com\/","title":{"rendered":"Home"},"content":{"rendered":"<div id=\"pl-14\"  class=\"panel-layout\" ><div id=\"pg-14-0\"  class=\"panel-grid panel-no-style\" ><div id=\"pgc-14-0-0\"  class=\"panel-grid-cell\" ><div id=\"panel-14-0-0-0\" class=\"so-panel widget panel-first-child panel-last-child\" data-index=\"0\" ><\/div><\/div><\/div><div id=\"pg-14-1\"  class=\"panel-grid panel-no-style\" ><div id=\"pgc-14-1-0\"  class=\"panel-grid-cell\" ><div id=\"panel-14-1-0-0\" class=\"so-panel widget widget_sow-editor panel-first-child panel-last-child\" data-index=\"1\" ><div\n\t\t\t\n\t\t\tclass=\"so-widget-sow-editor so-widget-sow-editor-base\"\n\t\t\t\n\t\t>\n<div class=\"siteorigin-widget-tinymce textwidget\">\n\t<h3><b>Urspr\u00fcnglich trafen sich George Tjong Ayong (Sax), Christoph Fischer (Trompete, Fl\u00fcgelhorn), Stefan Michalke (Klavier, Fender Rhodes), Konstantin Winstroer (Bass) und Christoph Freier (Drums) nur f\u00fcr ein einziges Konzert.\u00a0<\/b><\/h3>\n<h3>\u00a0<\/h3>\n<h3><b>Doch beim gemeinsamen Spiel merkten die international erfahrenen Musiker vom ersten Takt an, dass da mehr drin sein muss. Zu sehr harmonierten die Musiker, zu sehr schwammen sie auf einer musikalischen Wellenl\u00e4nge, als dass sich die Wege nach dem einen Gig wieder trennen sollten. Und so formierten sich die 5 Rheinl\u00e4nder zum \"Quintet West\".<\/b><\/h3>\n<h3>\u00a0<\/h3>\n<h3><b>\u201eWestwind\u201c (Jazzsick Records) ist Quintet Wests Deb\u00fctalbum, eine wahre Gemeinschaftsproduktion, der jeder Musiker sprichw\u00f6rtlich seine eigene Note einbringen konnte, denn die Kompositionen stammen aus unterschiedlichen Federn der Band. Herausgekommen ist ein Bouquet an musikalischen Ideen, Stilen und Sounds, das in sich hervorragend harmoniert.<\/b><\/h3>\n<\/div>\n<\/div><\/div><\/div><\/div><div id=\"pg-14-2\"  class=\"panel-grid panel-no-style\" ><div id=\"pgc-14-2-0\"  class=\"panel-grid-cell panel-grid-cell-empty\" ><\/div><\/div><div id=\"pg-14-3\"  class=\"panel-grid panel-no-style\" ><div id=\"pgc-14-3-0\"  class=\"panel-grid-cell panel-grid-cell-empty panel-grid-cell-mobile-last\" ><\/div><div id=\"pgc-14-3-1\"  class=\"panel-grid-cell panel-grid-cell-empty\" ><\/div><\/div><div id=\"pg-14-4\"  class=\"panel-grid panel-no-style\" ><div id=\"pgc-14-4-0\"  class=\"panel-grid-cell panel-grid-cell-empty panel-grid-cell-mobile-last\" ><\/div><div id=\"pgc-14-4-1\"  class=\"panel-grid-cell panel-grid-cell-empty\" ><\/div><\/div><div id=\"pg-14-5\"  class=\"panel-grid panel-no-style\" ><div id=\"pgc-14-5-0\"  class=\"panel-grid-cell panel-grid-cell-empty panel-grid-cell-mobile-last\" ><\/div><div id=\"pgc-14-5-1\"  class=\"panel-grid-cell panel-grid-cell-empty\" ><\/div><\/div><\/div>","protected":false},"excerpt":{"rendered":"<p>Urspr\u00fcnglich trafen sich George Tjong Ayong (Sax), Christoph Fischer (Trompete, Fl\u00fcgelhorn), Stefan Michalke (Klavier, Fender Rhodes), Konstantin Winstroer (Bass) und Christoph Freier (Drums) nur f\u00fcr ein einziges Konzert.\u00a0\u00a0Doch beim gemeinsamen Spiel merkten die international erfahrenen Musiker vom ersten Takt an, dass da mehr drin sein muss. Zu sehr harmonierten die Musiker, zu sehr schwammen sie &hellip; <\/p>\n<p class=\"link-more\"><a href=\"https:\/\/www.quintet-west.com\/\" class=\"more-link\"><span class=\"screen-reader-text\">\u201eHome\u201c <\/span>weiterlesen<\/a><\/p>\n","protected":false},"author":1,"featured_media":0,"parent":0,"menu_order":0,"comment_status":"closed","ping_status":"closed","template":"templates\/template-full-notitle.php","meta":{"footnotes":""},"class_list":["post-14","page","type-page","status-publish","hentry"],"_links":{"self":[{"href":"https:\/\/www.quintet-west.com\/index.php?rest_route=\/wp\/v2\/pages\/14","targetHints":{"allow":["GET"]}}],"collection":[{"href":"https:\/\/www.quintet-west.com\/index.php?rest_route=\/wp\/v2\/pages"}],"about":[{"href":"https:\/\/www.quintet-west.com\/index.php?rest_route=\/wp\/v2\/types\/page"}],"author":[{"embeddable":true,"href":"https:\/\/www.quintet-west.com\/index.php?rest_route=\/wp\/v2\/users\/1"}],"replies":[{"embeddable":true,"href":"https:\/\/www.quintet-west.com\/index.php?rest_route=%2Fwp%2Fv2%2Fcomments&post=14"}],"version-history":[{"count":18,"href":"https:\/\/www.quintet-west.com\/index.php?rest_route=\/wp\/v2\/pages\/14\/revisions"}],"predecessor-version":[{"id":312,"href":"https:\/\/www.quintet-west.com\/index.php?rest_route=\/wp\/v2\/pages\/14\/revisions\/312"}],"wp:attachment":[{"href":"https:\/\/www.quintet-west.com\/index.php?rest_route=%2Fwp%2Fv2%2Fmedia&parent=14"}],"curies":[{"name":"wp","href":"https:\/\/api.w.org\/{rel}","templated":true}]}}