{"id":137,"date":"2014-11-04T01:00:54","date_gmt":"2014-11-03T23:00:54","guid":{"rendered":"http:\/\/www.quintet-west.com\/?page_id=137"},"modified":"2014-11-17T12:37:24","modified_gmt":"2014-11-17T10:37:24","slug":"konstantin-wienstroer","status":"publish","type":"page","link":"https:\/\/www.quintet-west.com\/?page_id=137","title":{"rendered":"Konstantin Wienstroer"},"content":{"rendered":"<p><em><strong>Bass<\/strong><\/em><\/p>\n<p><img loading=\"lazy\" decoding=\"async\" src=\"https:\/\/www.quintet-west.com\/wp-content\/uploads\/konstantin.jpg\" alt=\"konstantin\" width=\"640\" height=\"480\" class=\"alignnone size-medium wp-image-210 ml-lightbox-enabled\" \/><\/p>\n<p>geboren 1969 in Neuss am Rhein, <\/p>\n<p>Wienstroer begann im Alter von sechs Jahren klassische Literatur auf der Geige zu spielen. Sp\u00e4ter wechselte er zum<br \/>\nE-Bass und popul\u00e4rer Musik. Mit 20 Jahren entdeckte er den Kontrabass, den er zun\u00e4chst bei Wayne Darling in Wien und<br \/>\nbei Reinhard Gl\u00f6der studierte. Folkwangpreistr\u00e4ger in der Sparte Jazz mit dem Trio unfinished business,  gefragter Sessionbassist<br \/>\nLive und im Studio. <\/p>\n<p>Bei der Zusammenarbeit mit Musikern wie Ziroli Winterstein, J\u00fcrgen Dahmen, Daniel Basanta, Hazy Osterwald,<br \/>\nWolf Maahn, Bobby Hebb, Stefan Krachten und vielen anderen stellt er immer wieder seine musikalische Vielseitigkeit<br \/>\nin unterschiedlichsten Musikrichtungen unter Beweis. <\/p>\n<p>Nach dem Konzertexamen 1996 in Essen wirkte er bei zahlreichen Tourneen, unter anderem in die USA, Japan, Schweiz usw., mit. <\/p>\n<p>Er spielte bei verschiedenen internationalen CD-Produktionen den Bass, so z.b. mit der Band Mainpoint, Klaus Dingers la neu!,<br \/>\ndem Avram Ensemble, der t\u00fcrkisch-deutschen Band TAN, Bobby Hebb und vielen anderen.<\/p>\n<p>Zur Zeit intensive Live-T\u00e4tigkeit in der deutschen Clublandschaft mit diversen Jazzformationen und dem<br \/>\nAndr\u00e9 Krengel  &#038; Lulo Reinhardt Quartett.<\/p>\n<p><a href=\"http:\/\/www.wienstroerbassist.com\/\" target=\"_blank\">Homepage von Konstantin Wienstroer<\/a><\/p>\n","protected":false},"excerpt":{"rendered":"<p>Bass geboren 1969 in Neuss am Rhein, Wienstroer begann im Alter von sechs Jahren klassische Literatur auf der Geige zu spielen. Sp\u00e4ter wechselte er zum E-Bass und popul\u00e4rer Musik. Mit 20 Jahren entdeckte er den Kontrabass, den er zun\u00e4chst bei Wayne Darling in Wien und bei Reinhard Gl\u00f6der studierte. Folkwangpreistr\u00e4ger in der Sparte Jazz mit &hellip; <\/p>\n<p class=\"link-more\"><a href=\"https:\/\/www.quintet-west.com\/?page_id=137\" class=\"more-link\"><span class=\"screen-reader-text\">\u201eKonstantin Wienstroer\u201c <\/span>weiterlesen<\/a><\/p>\n","protected":false},"author":1,"featured_media":0,"parent":85,"menu_order":1,"comment_status":"closed","ping_status":"closed","template":"templates\/template-full.php","meta":{"footnotes":""},"class_list":["post-137","page","type-page","status-publish","hentry"],"_links":{"self":[{"href":"https:\/\/www.quintet-west.com\/index.php?rest_route=\/wp\/v2\/pages\/137","targetHints":{"allow":["GET"]}}],"collection":[{"href":"https:\/\/www.quintet-west.com\/index.php?rest_route=\/wp\/v2\/pages"}],"about":[{"href":"https:\/\/www.quintet-west.com\/index.php?rest_route=\/wp\/v2\/types\/page"}],"author":[{"embeddable":true,"href":"https:\/\/www.quintet-west.com\/index.php?rest_route=\/wp\/v2\/users\/1"}],"replies":[{"embeddable":true,"href":"https:\/\/www.quintet-west.com\/index.php?rest_route=%2Fwp%2Fv2%2Fcomments&post=137"}],"version-history":[{"count":5,"href":"https:\/\/www.quintet-west.com\/index.php?rest_route=\/wp\/v2\/pages\/137\/revisions"}],"predecessor-version":[{"id":213,"href":"https:\/\/www.quintet-west.com\/index.php?rest_route=\/wp\/v2\/pages\/137\/revisions\/213"}],"up":[{"embeddable":true,"href":"https:\/\/www.quintet-west.com\/index.php?rest_route=\/wp\/v2\/pages\/85"}],"wp:attachment":[{"href":"https:\/\/www.quintet-west.com\/index.php?rest_route=%2Fwp%2Fv2%2Fmedia&parent=137"}],"curies":[{"name":"wp","href":"https:\/\/api.w.org\/{rel}","templated":true}]}}