{"id":134,"date":"2014-11-04T01:01:29","date_gmt":"2014-11-03T23:01:29","guid":{"rendered":"http:\/\/www.quintet-west.com\/?page_id=134"},"modified":"2014-11-17T12:38:35","modified_gmt":"2014-11-17T10:38:35","slug":"george-tjong-ayong","status":"publish","type":"page","link":"https:\/\/www.quintet-west.com\/?page_id=134","title":{"rendered":"George Tjong-Ayong"},"content":{"rendered":"<p><strong><em>Saxophon<\/em><\/strong><\/p>\n<p><img loading=\"lazy\" decoding=\"async\" src=\"https:\/\/www.quintet-west.com\/wp-content\/uploads\/george.jpg\" alt=\"george\" width=\"640\" height=\"480\" class=\"alignnone size-medium wp-image-209 ml-lightbox-enabled\" \/><\/p>\n<p>Studium an der Musikhochschule K\u00f6ln bei Wolfgang Engstfeld, Jiggs Wigham, Manfred Schoof und am Konservatorium Maastricht bei Albert Beltman <\/p>\n<p>Zusammenarbeit mit Nippy Noya, Andre Nendza, Lorenz &#038; die Band, John Goldsby, Martin Sasse, Ron Williams, Anita Davis, Ike Stubblefield, Irvin Dooms, Willy Ketzer, Brings, Cologne Jazz Orchestra, <\/p>\n<p>The BigBand Convention, Funky Flares,&#8230;<\/p>\n<p>Diverse CD-, Rundfunk- und Fernsehproduktionen (ARD, ZDF, WDR, NDR, RTL, Belgischer Rundfunk &#8230;)<\/p>\n<p>Festivalauftritte in Viersen, Leverkusener Jazztage, K\u00f6ln (Subway), Berlin, Hamburg, Rheingau Musikfestival, D\u00fcren, J\u00fclich, Gummersbach,  K\u00f6ln,<\/p>\n<p>Musicalengagements \u201eGrease\u201d in D\u00fcsseldorf, Roncalli Panem et Circenses<\/p>\n<p>Eigene Projekte<\/p>\n<p>Studio-, Kompositions- und Lehrt\u00e4tigkeit in K\u00f6ln, Frechen und H\u00fcrth<\/p>\n<p>CD Ver\u00f6ffentlichungen u.a.: \u201eInto the gap\u201c  und \u201eSongs from the red notebook\u201c Andre Nendza Septett ;   \u201ePink\u201c und \u201eGet back&#8230;Beatles songs\u201d  Stefan Heidtmann Quartett ;   \u201eA night in Tunesia Suite\u201c Marcus Sukiennik Big<br \/>\nBand ;   \u201eLazy Standards\u201c feat. Eda Zari, Pablo Paredes;  \u201eAll size\u201c und  \u201eBeat the Blues\u201c Lorenz &#038; die Band;  \u201eO.G. &#038; the forbidden groove species\u201c; Susanne Riemer \u201eGrowing Up\u201d ; Quintet West \u201cWestwind\u201d;<\/p>\n<p><a href=\"http:\/\/www.tjong-ayong.de\" target=\"_blank\">Homepage von George Tjong-Ayong<\/a><\/p>\n","protected":false},"excerpt":{"rendered":"<p>Saxophon Studium an der Musikhochschule K\u00f6ln bei Wolfgang Engstfeld, Jiggs Wigham, Manfred Schoof und am Konservatorium Maastricht bei Albert Beltman Zusammenarbeit mit Nippy Noya, Andre Nendza, Lorenz &#038; die Band, John Goldsby, Martin Sasse, Ron Williams, Anita Davis, Ike Stubblefield, Irvin Dooms, Willy Ketzer, Brings, Cologne Jazz Orchestra, The BigBand Convention, Funky Flares,&#8230; Diverse CD-, &hellip; <\/p>\n<p class=\"link-more\"><a href=\"https:\/\/www.quintet-west.com\/?page_id=134\" class=\"more-link\"><span class=\"screen-reader-text\">\u201eGeorge Tjong-Ayong\u201c <\/span>weiterlesen<\/a><\/p>\n","protected":false},"author":1,"featured_media":0,"parent":85,"menu_order":3,"comment_status":"closed","ping_status":"closed","template":"templates\/template-full.php","meta":{"footnotes":""},"class_list":["post-134","page","type-page","status-publish","hentry"],"_links":{"self":[{"href":"https:\/\/www.quintet-west.com\/index.php?rest_route=\/wp\/v2\/pages\/134","targetHints":{"allow":["GET"]}}],"collection":[{"href":"https:\/\/www.quintet-west.com\/index.php?rest_route=\/wp\/v2\/pages"}],"about":[{"href":"https:\/\/www.quintet-west.com\/index.php?rest_route=\/wp\/v2\/types\/page"}],"author":[{"embeddable":true,"href":"https:\/\/www.quintet-west.com\/index.php?rest_route=\/wp\/v2\/users\/1"}],"replies":[{"embeddable":true,"href":"https:\/\/www.quintet-west.com\/index.php?rest_route=%2Fwp%2Fv2%2Fcomments&post=134"}],"version-history":[{"count":12,"href":"https:\/\/www.quintet-west.com\/index.php?rest_route=\/wp\/v2\/pages\/134\/revisions"}],"predecessor-version":[{"id":215,"href":"https:\/\/www.quintet-west.com\/index.php?rest_route=\/wp\/v2\/pages\/134\/revisions\/215"}],"up":[{"embeddable":true,"href":"https:\/\/www.quintet-west.com\/index.php?rest_route=\/wp\/v2\/pages\/85"}],"wp:attachment":[{"href":"https:\/\/www.quintet-west.com\/index.php?rest_route=%2Fwp%2Fv2%2Fmedia&parent=134"}],"curies":[{"name":"wp","href":"https:\/\/api.w.org\/{rel}","templated":true}]}}