{"id":130,"date":"2014-11-04T01:00:35","date_gmt":"2014-11-03T23:00:35","guid":{"rendered":"http:\/\/www.quintet-west.com\/?page_id=130"},"modified":"2014-11-17T12:36:25","modified_gmt":"2014-11-17T10:36:25","slug":"stefan-michalke","status":"publish","type":"page","link":"https:\/\/www.quintet-west.com\/?page_id=130","title":{"rendered":"Stefan Michalke"},"content":{"rendered":"<p><em>&#8222;He makes the <strong>piano<\/strong> sing\u2026 &#8220; (Sheila Jordan)<\/em><\/p>\n<p><img loading=\"lazy\" decoding=\"async\" src=\"https:\/\/www.quintet-west.com\/wp-content\/uploads\/stefan.jpg\" alt=\"stefan\" width=\"640\" height=\"480\" class=\"alignnone size-medium wp-image-211 ml-lightbox-enabled\" \/><\/p>\n<p>Stefan Michalke wurde in K\u00f6ln geboren und bekam schon fr\u00fch erste musikalische Einfl\u00fcsse durch das Klavierspiel und die Organistent\u00e4tigkeit seines Vaters.<br \/>\nNachdem er klassischen Klavierunterricht bekam, folgten bald erste Kompositionen und Improvisationen.<\/p>\n<p>Er spielte in verschiedenen Rockbands und interessierte sich zunehmend f\u00fcr Jazzmusik.<br \/>\nZwischen 1989 und 1994 studierte er Jazzklavier am Conservatorium Maastricht.<\/p>\n<p>Seitdem hat er zahlreiche CDs ver\u00f6ffentlich, davon 5 CDs mit Eigenkompositionen in unterschiedlichen Besetzungen.<\/p>\n<p>Als Jazzpianist unternahm er Konzertreisen nach Osteuropa, Asien, Brasilien und die USA und tourte bereits mehrfach mit der New Yorker Jazzs\u00e4ngerin Sheila Jordan.<\/p>\n<p>Stefan Michalke lebt als freier Musiker und Komponist in Aachen, spielt in unterschiedlichen Bandprojekten und unterrichtet an verschiedenen Musikschulen.<\/p>\n<p>Jeden dritten Sonntag im Monat spielt er mit seinem Trio und G\u00e4sten in einem Aachener Jazzclub.<\/p>\n<p>CD Ver\u00f6ffentlichungen:<br \/>\n&#8211; 1997:  Gast auf der CD &#8222;OG &#038; the forbidden Groove Species\u201c<br \/>\n&#8211; 1998 : Trio CD mit Eigenkompositionen \u201estrange ways of live\u201c,<br \/>\n&#8211; 1998 : \u201eTinsel Town Rebellion Band live&#8220;<br \/>\n               live CD der legend\u00e4ren Band mit Musik von Frank Zappa<br \/>\n&#8211; 2001: Sabine K\u00fchlich Quartett \u201eIt could happen to you\u201c<br \/>\n&#8211; 2002  Michalke Sextett  \u201eTrotz Regen\u201c eine zweite CD mit Eigenkompositionen<br \/>\n&#8211; 2003  Gast auf Manfred Leuchters CD \u201eNomade\u201c<br \/>\n&#8211; 2004 &#8222;Nincs pardon&#8220; osteurop\u00e4ische Musik<br \/>\n&#8211; 2004  Doppel CD &#8222;Sonntagsjazz&#8220;,  \u201efast live CD\u201c des Jakobshof Trios mit G\u00e4sten<br \/>\n&#8211; 2005 \u201eKollwitz Suite\u201c, eine Komposition Michalkes zu autobiographischen Texten<br \/>\n             der K\u00fcnstlerin K\u00e4the Kollwitz.<br \/>\n&#8211; 2005  Das Stefanet, live CD des Jazztrios<br \/>\n&#8211; 2006  \u201eTwo gererations\u201c live CD mit Sheila Jordan, Sabine K\u00fchlich, Stefan Werni<br \/>\n&#8211; 2007  Mitwirkung auf Petra Welteroths CD  \u201eNah dran\u201c<br \/>\n&#8211; 2008  Michalke Sextett  \u201eUnterwegs\u201c<br \/>\n&#8211; 2009  i.n.a.  \u201eDistance\u201c Debut CD der S\u00e4ngerin Ina Hagenau<br \/>\n&#8211; 2010 Max Weise \u201eDas Sandkorn&#8230;\u201c Debut CD des S\u00e4ngers Max Weise<br \/>\n&#8211; 2011 Stefan Michalke \u201elittle stories\u201c Eigenkompositionen im Trio und mit G\u00e4sten<br \/>\n&#8211; 2012 \u201ePia Friedhill &#8211; my swedish songbook\u201c  Schwedische Volkslieder<br \/>\n           mit der S\u00e4ngerin Pia Friedhill, arrangiert von Stefan Michalke<br \/>\n&#8211; 2013 Corvisier &#8211; Michalke Duo \u201eStill\u201c<br \/>\n&#8211; 2013 tangoX \u2013 \u201eTangomotion\u201c<br \/>\n&#8211; 2014 Pia Fridhill Quartett \u2013 \u201eFour\u201c<br \/>\n&#8211; 2014 i.n.a. \u2013 \u201eNovemberland\u201c<br \/>\n&#8211; 2014 Quintet West &#8211; \u201eWestwind\u201c<\/p>\n<p><a href=\"http:\/\/www.stefan-michalke.com\" target=\"_blank\">Homepage von Stefan Michalke<\/a><\/p>\n","protected":false},"excerpt":{"rendered":"<p>&#8222;He makes the piano sing\u2026 &#8220; (Sheila Jordan) Stefan Michalke wurde in K\u00f6ln geboren und bekam schon fr\u00fch erste musikalische Einfl\u00fcsse durch das Klavierspiel und die Organistent\u00e4tigkeit seines Vaters. Nachdem er klassischen Klavierunterricht bekam, folgten bald erste Kompositionen und Improvisationen. Er spielte in verschiedenen Rockbands und interessierte sich zunehmend f\u00fcr Jazzmusik. Zwischen 1989 und 1994 &hellip; <\/p>\n<p class=\"link-more\"><a href=\"https:\/\/www.quintet-west.com\/?page_id=130\" class=\"more-link\"><span class=\"screen-reader-text\">\u201eStefan Michalke\u201c <\/span>weiterlesen<\/a><\/p>\n","protected":false},"author":1,"featured_media":0,"parent":85,"menu_order":0,"comment_status":"closed","ping_status":"closed","template":"templates\/template-full.php","meta":{"footnotes":""},"class_list":["post-130","page","type-page","status-publish","hentry"],"_links":{"self":[{"href":"https:\/\/www.quintet-west.com\/index.php?rest_route=\/wp\/v2\/pages\/130","targetHints":{"allow":["GET"]}}],"collection":[{"href":"https:\/\/www.quintet-west.com\/index.php?rest_route=\/wp\/v2\/pages"}],"about":[{"href":"https:\/\/www.quintet-west.com\/index.php?rest_route=\/wp\/v2\/types\/page"}],"author":[{"embeddable":true,"href":"https:\/\/www.quintet-west.com\/index.php?rest_route=\/wp\/v2\/users\/1"}],"replies":[{"embeddable":true,"href":"https:\/\/www.quintet-west.com\/index.php?rest_route=%2Fwp%2Fv2%2Fcomments&post=130"}],"version-history":[{"count":15,"href":"https:\/\/www.quintet-west.com\/index.php?rest_route=\/wp\/v2\/pages\/130\/revisions"}],"predecessor-version":[{"id":212,"href":"https:\/\/www.quintet-west.com\/index.php?rest_route=\/wp\/v2\/pages\/130\/revisions\/212"}],"up":[{"embeddable":true,"href":"https:\/\/www.quintet-west.com\/index.php?rest_route=\/wp\/v2\/pages\/85"}],"wp:attachment":[{"href":"https:\/\/www.quintet-west.com\/index.php?rest_route=%2Fwp%2Fv2%2Fmedia&parent=130"}],"curies":[{"name":"wp","href":"https:\/\/api.w.org\/{rel}","templated":true}]}}